{"id":24,"date":"2022-10-16T20:19:51","date_gmt":"2022-10-16T20:19:51","guid":{"rendered":"https:\/\/auditoresaccess.cl\/acs\/home\/"},"modified":"2022-10-17T01:43:20","modified_gmt":"2022-10-17T01:43:20","slug":"home","status":"publish","type":"page","link":"https:\/\/auditoresaccess.cl\/acs\/","title":{"rendered":"Inicio"},"content":{"rendered":"\n\n\n\n\n\n\n<h2>Quienes Somos<\/h2>\n\n<p>Somos L\u00edderes Nacionales en Auditor\u00eda, Consultar\u00eda y Asesor\u00eda Legal y Tributaria para entidades sin fines de lucro. Los puntos de vista y servicios de calidad que ofrecemos ayudan construir confianza, en las principales \u00e1reas del desarrollo humano donde estamos presentes.<p>Desarrollamos un equipo de trabajo comprometido, que adhiere plenamente a los principios \u00e9ticos y al desaf\u00edo de lograr cambios en la sociedad que favorezcan a todos y todas en igualdad y condiciones. Al hacerlo, estamos convencidos que jugamos un papel fundamental en la construcci\u00f3n de una sociedad mejor para nuestros colaboradores, clientes y comunidades.<\/p>\n\n\n\n\n<h2>Nuestra Misi\u00f3n<\/h2>\n<p>Aportar a nuestros conocimientos profesionales, nuestra experiencia y capacidades a la Administraci\u00f3n de las Organizaciones sin fines de lucro, para que logren los objetivos propuestos, cumpliendo buenas pr\u00e1cticas contables y de control, as\u00ed como las normas establecidas por los Donantes y las normas legales en cada pa\u00eds de Am\u00e9rica Latina .<\/p>\n<h2>Nuestra Visi\u00f3n<\/h2>\n<p>Somos un equipo de profesionales que creemos que las acciones educativas, de promoci\u00f3n humana, desarrollo y beneficencia, aportan para una sociedad m\u00e1s justa y sostenible, para lo cual se requiere que los recursos destinados a estas acciones se apliquen con los mayores est\u00e1ndares de eficiencia y transparencia .<\/p>\n\n\n\n<h2><br><\/h2>\n\n\n\n\n\n\n<h2>L\u00edneas de Trabajo<\/h2>\n\n\n\n\n\n\n\n\n\n\n\n\n\n\n\n\n\n\n\n\n\n\n\n\n\n\n\n\n","protected":false},"excerpt":{"rendered":"","protected":false},"author":1,"featured_media":0,"parent":0,"menu_order":0,"comment_status":"closed","ping_status":"closed","template":"","meta":{"pagelayer_contact_templates":[],"_pagelayer_content":"","footnotes":""},"class_list":["post-24","page","type-page","status-publish","hentry"],"_links":{"self":[{"href":"https:\/\/auditoresaccess.cl\/acs\/wp-json\/wp\/v2\/pages\/24","targetHints":{"allow":["GET"]}}],"collection":[{"href":"https:\/\/auditoresaccess.cl\/acs\/wp-json\/wp\/v2\/pages"}],"about":[{"href":"https:\/\/auditoresaccess.cl\/acs\/wp-json\/wp\/v2\/types\/page"}],"author":[{"embeddable":true,"href":"https:\/\/auditoresaccess.cl\/acs\/wp-json\/wp\/v2\/users\/1"}],"replies":[{"embeddable":true,"href":"https:\/\/auditoresaccess.cl\/acs\/wp-json\/wp\/v2\/comments?post=24"}],"version-history":[{"count":11,"href":"https:\/\/auditoresaccess.cl\/acs\/wp-json\/wp\/v2\/pages\/24\/revisions"}],"predecessor-version":[{"id":170,"href":"https:\/\/auditoresaccess.cl\/acs\/wp-json\/wp\/v2\/pages\/24\/revisions\/170"}],"wp:attachment":[{"href":"https:\/\/auditoresaccess.cl\/acs\/wp-json\/wp\/v2\/media?parent=24"}],"curies":[{"name":"wp","href":"https:\/\/api.w.org\/{rel}","templated":true}]}}