{"id":68,"date":"2022-10-16T20:19:51","date_gmt":"2022-10-16T20:19:51","guid":{"rendered":"https:\/\/auditoresaccess.cl\/acs\/about\/"},"modified":"2022-12-23T19:41:06","modified_gmt":"2022-12-23T19:41:06","slug":"about","status":"publish","type":"page","link":"https:\/\/auditoresaccess.cl\/acs\/about\/","title":{"rendered":"Nosotros"},"content":{"rendered":"\n\n\n<h2>Nuestra Historia<\/h2>\n<p>M\u00e1s de 32 a\u00f1os de experiencia&#8230;<\/p>\n\n<p><span style=\"text-align: center;\">ACCESS, fue creada en el a\u00f1o 1988, como iniciativa de un grupo de profesionales de diversas disciplinas Administrativas, Financieras y Jur\u00eddicas que compart\u00edan caracter\u00edsticas comunes :<\/span><\/p>\n<p><span\u00a0style=\"text-align: center;\"=\"\">1.- Conocer los sectores m\u00e1s marginados de la sociedad de la sociedad chilena y asumir la responsabilidad para lograr mejores &nbsp; &nbsp; condiciones de vida para estos sectores.<\/span\u00a0style=\"text-align:><\/p>\n<p>2.- Tener una amplia experiencia laboral.<\/p>\n<p>3.- Haber jugado roles activos &nbsp;a favor de la democracia dentro y fuera de Chile.<\/p>\n<p>4.- Estar comprometidos con el desaf\u00edo que significaba el desarrollo pol\u00edtico, econ\u00f3mico y social de Chile y America Latina.<\/p>\n<p>En la d\u00e9cada del 80, como resultado de la situaci\u00f3n pol\u00edtica y econ\u00f3mica que se viv\u00eda en el pa\u00eds, surgieron diversas iniciativas de organizaci\u00f3n, capacitaci\u00f3n, promoci\u00f3n de los derechos humanos, educaci\u00f3n c\u00edvica, iniciativas productivas, comunitarias, desarrolladas por distintas organizaciones como Fundaciones, Corporaciones y otras organizaciones no gubernamentales que financiaban estas actividades con fondos de las agencias de cooperaci\u00f3n internacional. La mayor\u00eda de estas organizaciones no contaba con sistemas contables y administrativos que les permitieran un adecuado control de los recursos disponibles, por otro lado, no existan profesionales de las \u00e1reas contables y administrativas &nbsp;que entendieran o crearan sistemas de control que, respetando los principios de contabilidad generalmente aceptados, dieran cuenta del uso de los recursos.<\/p>\n<p>Hacia el a\u00f1o 1990, las Agencias de Cooperaci\u00f3n comienzan a solicitar con mayor frecuencia auditor\u00eda externa a los Estados Financieros presentados por las organizaciones. En este momento se hace m\u00e1s evidente la carencia de auditores que aplicando las Normas de Auditoria Generalmente Aceptadas fueran capaces de entender los distintos sistemas que estas organizaciones hab\u00edan creado para el control de sus recursos. Se hizo necesario tambi\u00e9n entregar capacitaci\u00f3n al personal administrativo y contable de las organizaciones, en este proceso ACCESS ha jugado un rol importante.<\/p>\n<p>El rol de las organizaciones mencionadas ha sido variado y actualmente la mayor\u00eda est\u00e1n desarrollando programas con el Estado Chileno a trav\u00e9s de FOSIS, SENCE, MIDEPLAN, y otros Ministerios, lo que exige que cuenten con sistemas contables y administrativos adecuados que les permita obtener informaci\u00f3n v\u00e1lida y confiable y lograr los objetivos de los proyectos haciendo uso racional de los recursos respetando los convenios suscritos.<\/p>\n<p>ACCES public\u00f3 en 1996, un estudio sobre el valor jur\u00eddico de los contratos suscritos entre las organizaciones y las agencias financiadoras, as\u00ed como un an\u00e1lisis de las distintas formas jur\u00eddicas de estas organizaciones con el objeto de que los futuros contratos de cooperaci\u00f3n sean perfeccionados desde el punto de vista jur\u00eddico.<\/p>\n<p>ACCESS desde sus inicios ha trabajado con las entidades de las Iglesias, aportando en la modernizaci\u00f3n de los sistemas administrativos y contables, relevando el rol de la administraci\u00f3n en el cumplimiento de la Misi\u00f3n de estas entidades.<\/p>\n<p>En los \u00faltimos 10 a\u00f1os, hemos canalizado los esfuerzos profesionales, a acompa\u00f1ar a las Fundaciones Educacionales con el objeto de que cumplan de manera adecuada las exigencias establecidas en las leyes y rindan de manera transparente los recursos destinados del Estado y los Padres y Apoderados de la Educaci\u00f3n.<\/p>\n<p>ACCESS ha trabajado desde sus inicios para organizaciones de otros pa\u00edses de Am\u00e9rica Latina en auditoria de proyectos y capacitaci\u00f3n, para la administraci\u00f3n de peque\u00f1as y grandes organizaciones que tienen incidencia en el quehacer pol\u00edtico de los pueblos.<\/p>\n<p>Es una decisi\u00f3n del Directorio de ACCESS seguir enfocado en las Organizaciones sin Fines de Lucro, porque estamos convencidos que los proyectos de desarrollo seguir\u00e1n siendo necesarios hasta que Chile y los pa\u00edses de America Latina, logren una mejor distribuci\u00f3n de sus ingresos y el desarrollo econ\u00f3mico alcance a todos los sectores.<\/p>\n<p><span\u00a0style=\"text-align: center;\"=\"\">\n<\/span\u00a0style=\"text-align:><\/p>\n\n\n\n\n<h2>Nuestro Equipo<\/h2>\n\n\n\n<p>Fundadora de ACCESS en 1988, convencida que era posible desde sus carreras de Auditoria y Finanzas (U. de Chile), &nbsp;aportar al desarrollo del pa\u00eds, a las causas de la democracia y superaci\u00f3n de la pobreza a trav\u00e9s del desarrollo y beneficencia.<\/p>\n<p>Se integr\u00f3 al equipo en el a\u00f1o 2003, poniendo e integrando todas sus habilidades a las causas definidas para ACCESS.<br><br><br><br><br><br><br><br><\/p>\n\n\n<p>Magister en Finanzas (U. de Chile), compa\u00f1ero de universidad de la socia fundadora, acept\u00f3 el desaf\u00edo de integrarse a este equipo para aportar desde sus conocimientos y de su experiencia a las causas definidas para la ACCESS.<\/p>\n<p>Estudios en U. de Concepci\u00f3n, se integr\u00f3 al equipo el a\u00f1o 2003 compartiendo los principios de su compromiso con las organizaciones sin fines de lucro, desarrollando una l\u00ednea de apoyo en temas tributarios y en especial en los \u00faltimos a\u00f1os, en linea de apoyo a los Colegios, sean estos laicos, confesionales, gratuitos o pagados.<p><\/p>\n\n\n<p>Firts Certificate in English, de profesi\u00f3n cantante de \u00f3pera, se integr\u00f3 a este equipos de sede siempre, por ser hija de la socia fundadora, en vistas a las organizaciones en Ecuador, Bolivia, Cuba y Colombia, comprendi\u00f3 el aporte que se puede hacer al desarrollo desde una adecuada traducci\u00f3n de los informes de auditoria para donantes.<\/p>\n\n\n\n\n","protected":false},"excerpt":{"rendered":"","protected":false},"author":1,"featured_media":0,"parent":0,"menu_order":0,"comment_status":"closed","ping_status":"closed","template":"","meta":{"pagelayer_contact_templates":[],"_pagelayer_content":"","footnotes":""},"class_list":["post-68","page","type-page","status-publish","hentry"],"_links":{"self":[{"href":"https:\/\/auditoresaccess.cl\/acs\/wp-json\/wp\/v2\/pages\/68","targetHints":{"allow":["GET"]}}],"collection":[{"href":"https:\/\/auditoresaccess.cl\/acs\/wp-json\/wp\/v2\/pages"}],"about":[{"href":"https:\/\/auditoresaccess.cl\/acs\/wp-json\/wp\/v2\/types\/page"}],"author":[{"embeddable":true,"href":"https:\/\/auditoresaccess.cl\/acs\/wp-json\/wp\/v2\/users\/1"}],"replies":[{"embeddable":true,"href":"https:\/\/auditoresaccess.cl\/acs\/wp-json\/wp\/v2\/comments?post=68"}],"version-history":[{"count":43,"href":"https:\/\/auditoresaccess.cl\/acs\/wp-json\/wp\/v2\/pages\/68\/revisions"}],"predecessor-version":[{"id":198,"href":"https:\/\/auditoresaccess.cl\/acs\/wp-json\/wp\/v2\/pages\/68\/revisions\/198"}],"wp:attachment":[{"href":"https:\/\/auditoresaccess.cl\/acs\/wp-json\/wp\/v2\/media?parent=68"}],"curies":[{"name":"wp","href":"https:\/\/api.w.org\/{rel}","templated":true}]}}